{"id":3026,"date":"2025-08-12T10:19:43","date_gmt":"2025-08-12T10:19:43","guid":{"rendered":"https:\/\/topgreen-miami.com\/?page_id=3026"},"modified":"2025-08-12T11:00:10","modified_gmt":"2025-08-12T11:00:10","slug":"politica-de-devoluciones","status":"publish","type":"page","link":"https:\/\/topgreen-miami.com\/es\/politica-de-devoluciones\/","title":{"rendered":"Pol\u00edtica de devoluciones"},"content":{"rendered":"\t\t<div data-elementor-type=\"wp-page\" data-elementor-id=\"3026\" class=\"elementor elementor-3026 elementor-3024\" data-elementor-post-type=\"page\">\n\t\t\t\t<div class=\"elementor-element elementor-element-2dbee3d e-con-full e-flex elementor-invisible e-con e-parent\" data-id=\"2dbee3d\" data-element_type=\"container\" data-e-type=\"container\" data-settings=\"{&quot;background_background&quot;:&quot;classic&quot;,&quot;animation&quot;:&quot;fadeIn&quot;}\">\n\t\t\t\t<div class=\"elementor-element elementor-element-60d8bf0 animated-slow elementor-invisible elementor-widget elementor-widget-heading\" data-id=\"60d8bf0\" data-element_type=\"widget\" data-e-type=\"widget\" data-settings=\"{&quot;_animation&quot;:&quot;fadeInUp&quot;}\" data-widget_type=\"heading.default\">\n\t\t\t\t<div class=\"elementor-widget-container\">\n\t\t\t\t\t<h1 class=\"elementor-heading-title elementor-size-default\">POL\u00cdTICA DE DEVOLUCIONES<\/h1>\t\t\t\t<\/div>\n\t\t\t\t<\/div>\n\t\t\t\t<\/div>\n\t\t<div class=\"elementor-element elementor-element-1f8671e e-flex e-con-boxed e-con e-parent\" data-id=\"1f8671e\" data-element_type=\"container\" data-e-type=\"container\">\n\t\t\t\t\t<div class=\"e-con-inner\">\n\t\t\t\t<div class=\"elementor-element elementor-element-1011091 elementor-widget elementor-widget-text-editor\" data-id=\"1011091\" data-element_type=\"widget\" data-e-type=\"widget\" data-widget_type=\"text-editor.default\">\n\t\t\t\t<div class=\"elementor-widget-container\">\n\t\t\t\t\t\t\t\t\t<h1>&nbsp;<\/h1>\n<p data-start=\"1224\" data-end=\"1549\">Todas las ventas de c\u00e9sped artificial son definitivas una vez realizado el pedido.<br data-start=\"1320\" data-end=\"1323\">Debido al car\u00e1cter personalizado de la preparaci\u00f3n del c\u00e9sped, no aceptamos devoluciones ni cambios por errores del cliente al realizar el pedido, cambios de opini\u00f3n o medidas incorrectas proporcionadas por el cliente.<\/p>\n<p data-start=\"1551\" data-end=\"1554\">\u2e3b<\/p>\n<p data-start=\"1556\" data-end=\"1857\"><strong data-start=\"1556\" data-end=\"1598\">1. Art\u00edculos defectuosos o incorrectos<\/strong><br data-start=\"1598\" data-end=\"1601\">Si su pedido llega defectuoso, da\u00f1ado o no coincide con la descripci\u00f3n:<br data-start=\"1672\" data-end=\"1675\">\u2022 Notif\u00edquenos en un plazo de 3 d\u00edas h\u00e1biles desde la entrega.<br data-start=\"1737\" data-end=\"1740\">\u2022 Facil\u00edtenos fotograf\u00edas y comprobante de compra.<br data-start=\"1790\" data-end=\"1793\">\u2022 Organizaremos un reemplazo o reembolso a nuestra discreci\u00f3n.<\/p>\n<p data-start=\"1859\" data-end=\"1862\">\u2e3b<\/p>\n<p data-start=\"1864\" data-end=\"2057\"><strong data-start=\"1864\" data-end=\"1895\">2. Pol\u00edtica de no reembolso<\/strong><br data-start=\"1895\" data-end=\"1898\">No ofrecemos reembolsos ni cambios excepto en los casos mencionados anteriormente.<br data-start=\"1980\" data-end=\"1983\">Esta pol\u00edtica se publica de acuerdo con el Estatuto de Florida \u00a7501.142.<\/p>\n<p data-start=\"2059\" data-end=\"2062\">\u2e3b<\/p>\n<p data-start=\"2064\" data-end=\"2328\"><strong data-start=\"2064\" data-end=\"2087\">3. Pedidos en l\u00ednea<\/strong><br data-start=\"2087\" data-end=\"2090\">\u2022 Los clientes son responsables de revisar todas las especificaciones, tama\u00f1os y colores del producto antes de realizar el pedido.<br data-start=\"2220\" data-end=\"2223\">\u2022 Cualquier da\u00f1o durante el transporte debe informarse en un plazo de 3 d\u00edas h\u00e1biles tras la recepci\u00f3n.<\/p>\t\t\t\t\t\t\t\t<\/div>\n\t\t\t\t<\/div>\n\t\t\t\t\t<\/div>\n\t\t\t\t<\/div>\n\t\t<div class=\"elementor-element elementor-element-32621cd e-flex e-con-boxed e-con e-parent\" data-id=\"32621cd\" data-element_type=\"container\" data-e-type=\"container\" data-settings=\"{&quot;background_background&quot;:&quot;classic&quot;}\">\n\t\t\t\t\t<div class=\"e-con-inner\">\n\t\t\t\t<div class=\"elementor-element elementor-element-3878391 elementor-widget elementor-widget-text-editor\" data-id=\"3878391\" data-element_type=\"widget\" data-e-type=\"widget\" data-widget_type=\"text-editor.default\">\n\t\t\t\t<div class=\"elementor-widget-container\">\n\t\t\t\t\t\t\t\t\t<p>Ponte en contacto con nosotros hoy mismo para una consulta sin compromiso en Miami y experimenta las ventajas del c\u00e9sped artificial de primera calidad.<\/p>\n\t\t\t\t\t\t\t\t<\/div>\n\t\t\t\t<\/div>\n\t\t\t\t<div class=\"elementor-element elementor-element-9410fd3 elementor-align-center elementor-invisible elementor-widget elementor-widget-button\" data-id=\"9410fd3\" data-element_type=\"widget\" data-e-type=\"widget\" data-settings=\"{&quot;_animation&quot;:&quot;fadeIn&quot;}\" data-widget_type=\"button.default\">\n\t\t\t\t<div class=\"elementor-widget-container\">\n\t\t\t\t\t\t\t\t\t<div class=\"elementor-button-wrapper\">\n\t\t\t\t\t<a class=\"elementor-button elementor-button-link elementor-size-lg elementor-animation-grow\" href=\"https:\/\/topgreen-miami.com\/es\/contacta-con-nosotros\/\">\n\t\t\t\t\t\t<span class=\"elementor-button-content-wrapper\">\n\t\t\t\t\t\t\t\t\t<span class=\"elementor-button-text\">Contacto &gt;<\/span>\n\t\t\t\t\t<\/span>\n\t\t\t\t\t<\/a>\n\t\t\t\t<\/div>\n\t\t\t\t\t\t\t\t<\/div>\n\t\t\t\t<\/div>\n\t\t\t\t\t<\/div>\n\t\t\t\t<\/div>\n\t\t\t\t<\/div>\n\t\t","protected":false},"excerpt":{"rendered":"<p>POL\u00cdTICA DE DEVOLUCIONES &nbsp; Todas las ventas de c\u00e9sped artificial son definitivas una vez realizado el pedido.Debido al car\u00e1cter personalizado [&hellip;]<\/p>\n","protected":false},"author":1,"featured_media":0,"parent":0,"menu_order":0,"comment_status":"closed","ping_status":"closed","template":"elementor_header_footer","meta":{"site-sidebar-layout":"no-sidebar","site-content-layout":"","ast-site-content-layout":"full-width-container","site-content-style":"default","site-sidebar-style":"default","ast-global-header-display":"","ast-banner-title-visibility":"","ast-main-header-display":"","ast-hfb-above-header-display":"","ast-hfb-below-header-display":"","ast-hfb-mobile-header-display":"","site-post-title":"disabled","ast-breadcrumbs-content":"","ast-featured-img":"disabled","footer-sml-layout":"","ast-disable-related-posts":"","theme-transparent-header-meta":"","adv-header-id-meta":"","stick-header-meta":"","header-above-stick-meta":"","header-main-stick-meta":"","header-below-stick-meta":"","astra-migrate-meta-layouts":"default","ast-page-background-enabled":"default","ast-page-background-meta":{"desktop":{"background-color":"var(--ast-global-color-4)","background-image":"","background-repeat":"repeat","background-position":"center center","background-size":"auto","background-attachment":"scroll","background-type":"","background-media":"","overlay-type":"","overlay-color":"","overlay-opacity":"","overlay-gradient":""},"tablet":{"background-color":"","background-image":"","background-repeat":"repeat","background-position":"center center","background-size":"auto","background-attachment":"scroll","background-type":"","background-media":"","overlay-type":"","overlay-color":"","overlay-opacity":"","overlay-gradient":""},"mobile":{"background-color":"","background-image":"","background-repeat":"repeat","background-position":"center center","background-size":"auto","background-attachment":"scroll","background-type":"","background-media":"","overlay-type":"","overlay-color":"","overlay-opacity":"","overlay-gradient":""}},"ast-content-background-meta":{"desktop":{"background-color":"var(--ast-global-color-5)","background-image":"","background-repeat":"repeat","background-position":"center center","background-size":"auto","background-attachment":"scroll","background-type":"","background-media":"","overlay-type":"","overlay-color":"","overlay-opacity":"","overlay-gradient":""},"tablet":{"background-color":"var(--ast-global-color-5)","background-image":"","background-repeat":"repeat","background-position":"center center","background-size":"auto","background-attachment":"scroll","background-type":"","background-media":"","overlay-type":"","overlay-color":"","overlay-opacity":"","overlay-gradient":""},"mobile":{"background-color":"var(--ast-global-color-5)","background-image":"","background-repeat":"repeat","background-position":"center center","background-size":"auto","background-attachment":"scroll","background-type":"","background-media":"","overlay-type":"","overlay-color":"","overlay-opacity":"","overlay-gradient":""}},"footnotes":""},"class_list":["post-3026","page","type-page","status-publish","hentry"],"yoast_head":"<!-- This site is optimized with the Yoast SEO plugin v27.4 - https:\/\/yoast.com\/product\/yoast-seo-wordpress\/ -->\n<title>Pol\u00edtica de devoluciones | Top Green MIAMI<\/title>\n<meta name=\"description\" content=\"Royal Grass\u00ae Aura es un c\u00e9sped artificial corto de aspecto denso | Se siente incre\u00edblemente suave al mismo tiempo | \u00a1Cons\u00faltalo ahora!\" \/>\n<meta name=\"robots\" content=\"noindex, follow\" \/>\n<meta property=\"og:locale\" content=\"es_ES\" \/>\n<meta property=\"og:type\" content=\"article\" \/>\n<meta property=\"og:title\" content=\"Pol\u00edtica de devoluciones | Top Green MIAMI\" \/>\n<meta property=\"og:description\" content=\"Royal Grass\u00ae Aura es un c\u00e9sped artificial corto de aspecto denso | Se siente incre\u00edblemente suave al mismo tiempo | \u00a1Cons\u00faltalo ahora!\" \/>\n<meta property=\"og:url\" content=\"https:\/\/topgreen-miami.com\/es\/politica-de-devoluciones\/\" \/>\n<meta property=\"og:site_name\" content=\"Top Green MIAMI\" \/>\n<meta property=\"article:publisher\" content=\"https:\/\/www.facebook.com\/profile.php?id=61564644189398\" \/>\n<meta property=\"article:modified_time\" content=\"2025-08-12T11:00:10+00:00\" \/>\n<meta property=\"og:image\" content=\"https:\/\/topgreen-miami.com\/wp-content\/uploads\/2024\/09\/2.png\" \/>\n\t<meta property=\"og:image:width\" content=\"2000\" \/>\n\t<meta property=\"og:image:height\" content=\"1143\" \/>\n\t<meta property=\"og:image:type\" content=\"image\/png\" \/>\n<meta name=\"twitter:card\" content=\"summary_large_image\" \/>\n<meta name=\"twitter:label1\" content=\"Tiempo de lectura\" \/>\n\t<meta name=\"twitter:data1\" content=\"1 minuto\" \/>\n<script type=\"application\/ld+json\" class=\"yoast-schema-graph\">{\"@context\":\"https:\\\/\\\/schema.org\",\"@graph\":[{\"@type\":\"WebPage\",\"@id\":\"https:\\\/\\\/topgreen-miami.com\\\/es\\\/politica-de-devoluciones\\\/\",\"url\":\"https:\\\/\\\/topgreen-miami.com\\\/es\\\/politica-de-devoluciones\\\/\",\"name\":\"Pol\u00edtica de devoluciones | Top Green MIAMI\",\"isPartOf\":{\"@id\":\"https:\\\/\\\/topgreen-miami.com\\\/es\\\/#website\"},\"datePublished\":\"2025-08-12T10:19:43+00:00\",\"dateModified\":\"2025-08-12T11:00:10+00:00\",\"description\":\"Royal Grass\u00ae Aura es un c\u00e9sped artificial corto de aspecto denso | Se siente incre\u00edblemente suave al mismo tiempo | \u00a1Cons\u00faltalo ahora!\",\"breadcrumb\":{\"@id\":\"https:\\\/\\\/topgreen-miami.com\\\/es\\\/politica-de-devoluciones\\\/#breadcrumb\"},\"inLanguage\":\"es\",\"potentialAction\":[{\"@type\":\"ReadAction\",\"target\":[\"https:\\\/\\\/topgreen-miami.com\\\/es\\\/politica-de-devoluciones\\\/\"]}]},{\"@type\":\"BreadcrumbList\",\"@id\":\"https:\\\/\\\/topgreen-miami.com\\\/es\\\/politica-de-devoluciones\\\/#breadcrumb\",\"itemListElement\":[{\"@type\":\"ListItem\",\"position\":1,\"name\":\"Startseite\",\"item\":\"https:\\\/\\\/topgreen-miami.com\\\/es\\\/\"},{\"@type\":\"ListItem\",\"position\":2,\"name\":\"Pol\u00edtica de devoluciones\"}]},{\"@type\":\"WebSite\",\"@id\":\"https:\\\/\\\/topgreen-miami.com\\\/es\\\/#website\",\"url\":\"https:\\\/\\\/topgreen-miami.com\\\/es\\\/\",\"name\":\"Top Green Mallorca Kunstrasenprofi\",\"description\":\"Premium Artificial Turf\",\"publisher\":{\"@id\":\"https:\\\/\\\/topgreen-miami.com\\\/es\\\/#organization\"},\"potentialAction\":[{\"@type\":\"SearchAction\",\"target\":{\"@type\":\"EntryPoint\",\"urlTemplate\":\"https:\\\/\\\/topgreen-miami.com\\\/es\\\/?s={search_term_string}\"},\"query-input\":{\"@type\":\"PropertyValueSpecification\",\"valueRequired\":true,\"valueName\":\"search_term_string\"}}],\"inLanguage\":\"es\"},{\"@type\":\"Organization\",\"@id\":\"https:\\\/\\\/topgreen-miami.com\\\/es\\\/#organization\",\"name\":\"Top Green Mallorca Kunstrasenprofi\",\"url\":\"https:\\\/\\\/topgreen-miami.com\\\/es\\\/\",\"logo\":{\"@type\":\"ImageObject\",\"inLanguage\":\"es\",\"@id\":\"https:\\\/\\\/topgreen-miami.com\\\/es\\\/#\\\/schema\\\/logo\\\/image\\\/\",\"url\":\"https:\\\/\\\/topgreen-miami.com\\\/wp-content\\\/uploads\\\/2024\\\/09\\\/2.png\",\"contentUrl\":\"https:\\\/\\\/topgreen-miami.com\\\/wp-content\\\/uploads\\\/2024\\\/09\\\/2.png\",\"width\":2000,\"height\":1143,\"caption\":\"Top Green Mallorca Kunstrasenprofi\"},\"image\":{\"@id\":\"https:\\\/\\\/topgreen-miami.com\\\/es\\\/#\\\/schema\\\/logo\\\/image\\\/\"},\"sameAs\":[\"https:\\\/\\\/www.facebook.com\\\/profile.php?id=61564644189398\",\"https:\\\/\\\/www.instagram.com\\\/top_green_mallorca_kunstrasen\\\/\"]}]}<\/script>\n<!-- \/ Yoast SEO plugin. -->","yoast_head_json":{"title":"Pol\u00edtica de devoluciones | Top Green MIAMI","description":"Royal Grass\u00ae Aura es un c\u00e9sped artificial corto de aspecto denso | Se siente incre\u00edblemente suave al mismo tiempo | \u00a1Cons\u00faltalo ahora!","robots":{"index":"noindex","follow":"follow"},"og_locale":"es_ES","og_type":"article","og_title":"Pol\u00edtica de devoluciones | Top Green MIAMI","og_description":"Royal Grass\u00ae Aura es un c\u00e9sped artificial corto de aspecto denso | Se siente incre\u00edblemente suave al mismo tiempo | \u00a1Cons\u00faltalo ahora!","og_url":"https:\/\/topgreen-miami.com\/es\/politica-de-devoluciones\/","og_site_name":"Top Green MIAMI","article_publisher":"https:\/\/www.facebook.com\/profile.php?id=61564644189398","article_modified_time":"2025-08-12T11:00:10+00:00","og_image":[{"width":2000,"height":1143,"url":"https:\/\/topgreen-miami.com\/wp-content\/uploads\/2024\/09\/2.png","type":"image\/png"}],"twitter_card":"summary_large_image","twitter_misc":{"Tiempo de lectura":"1 minuto"},"schema":{"@context":"https:\/\/schema.org","@graph":[{"@type":"WebPage","@id":"https:\/\/topgreen-miami.com\/es\/politica-de-devoluciones\/","url":"https:\/\/topgreen-miami.com\/es\/politica-de-devoluciones\/","name":"Pol\u00edtica de devoluciones | Top Green MIAMI","isPartOf":{"@id":"https:\/\/topgreen-miami.com\/es\/#website"},"datePublished":"2025-08-12T10:19:43+00:00","dateModified":"2025-08-12T11:00:10+00:00","description":"Royal Grass\u00ae Aura es un c\u00e9sped artificial corto de aspecto denso | Se siente incre\u00edblemente suave al mismo tiempo | \u00a1Cons\u00faltalo ahora!","breadcrumb":{"@id":"https:\/\/topgreen-miami.com\/es\/politica-de-devoluciones\/#breadcrumb"},"inLanguage":"es","potentialAction":[{"@type":"ReadAction","target":["https:\/\/topgreen-miami.com\/es\/politica-de-devoluciones\/"]}]},{"@type":"BreadcrumbList","@id":"https:\/\/topgreen-miami.com\/es\/politica-de-devoluciones\/#breadcrumb","itemListElement":[{"@type":"ListItem","position":1,"name":"Startseite","item":"https:\/\/topgreen-miami.com\/es\/"},{"@type":"ListItem","position":2,"name":"Pol\u00edtica de devoluciones"}]},{"@type":"WebSite","@id":"https:\/\/topgreen-miami.com\/es\/#website","url":"https:\/\/topgreen-miami.com\/es\/","name":"Top Green Mallorca Kunstrasenprofi","description":"Premium Artificial Turf","publisher":{"@id":"https:\/\/topgreen-miami.com\/es\/#organization"},"potentialAction":[{"@type":"SearchAction","target":{"@type":"EntryPoint","urlTemplate":"https:\/\/topgreen-miami.com\/es\/?s={search_term_string}"},"query-input":{"@type":"PropertyValueSpecification","valueRequired":true,"valueName":"search_term_string"}}],"inLanguage":"es"},{"@type":"Organization","@id":"https:\/\/topgreen-miami.com\/es\/#organization","name":"Top Green Mallorca Kunstrasenprofi","url":"https:\/\/topgreen-miami.com\/es\/","logo":{"@type":"ImageObject","inLanguage":"es","@id":"https:\/\/topgreen-miami.com\/es\/#\/schema\/logo\/image\/","url":"https:\/\/topgreen-miami.com\/wp-content\/uploads\/2024\/09\/2.png","contentUrl":"https:\/\/topgreen-miami.com\/wp-content\/uploads\/2024\/09\/2.png","width":2000,"height":1143,"caption":"Top Green Mallorca Kunstrasenprofi"},"image":{"@id":"https:\/\/topgreen-miami.com\/es\/#\/schema\/logo\/image\/"},"sameAs":["https:\/\/www.facebook.com\/profile.php?id=61564644189398","https:\/\/www.instagram.com\/top_green_mallorca_kunstrasen\/"]}]}},"_links":{"self":[{"href":"https:\/\/topgreen-miami.com\/es\/wp-json\/wp\/v2\/pages\/3026","targetHints":{"allow":["GET"]}}],"collection":[{"href":"https:\/\/topgreen-miami.com\/es\/wp-json\/wp\/v2\/pages"}],"about":[{"href":"https:\/\/topgreen-miami.com\/es\/wp-json\/wp\/v2\/types\/page"}],"author":[{"embeddable":true,"href":"https:\/\/topgreen-miami.com\/es\/wp-json\/wp\/v2\/users\/1"}],"replies":[{"embeddable":true,"href":"https:\/\/topgreen-miami.com\/es\/wp-json\/wp\/v2\/comments?post=3026"}],"version-history":[{"count":11,"href":"https:\/\/topgreen-miami.com\/es\/wp-json\/wp\/v2\/pages\/3026\/revisions"}],"predecessor-version":[{"id":3086,"href":"https:\/\/topgreen-miami.com\/es\/wp-json\/wp\/v2\/pages\/3026\/revisions\/3086"}],"wp:attachment":[{"href":"https:\/\/topgreen-miami.com\/es\/wp-json\/wp\/v2\/media?parent=3026"}],"curies":[{"name":"wp","href":"https:\/\/api.w.org\/{rel}","templated":true}]}}