{"id":3025,"date":"2025-08-12T10:19:43","date_gmt":"2025-08-12T10:19:43","guid":{"rendered":"https:\/\/topgreen-miami.com\/?page_id=3025"},"modified":"2025-08-12T11:00:20","modified_gmt":"2025-08-12T11:00:20","slug":"rueckgaberecht","status":"publish","type":"page","link":"https:\/\/topgreen-miami.com\/de\/rueckgaberecht\/","title":{"rendered":"R\u00fcckgaberecht"},"content":{"rendered":"\t\t<div data-elementor-type=\"wp-page\" data-elementor-id=\"3025\" class=\"elementor elementor-3025 elementor-3024\" data-elementor-post-type=\"page\">\n\t\t\t\t<div class=\"elementor-element elementor-element-2dbee3d e-con-full e-flex elementor-invisible e-con e-parent\" data-id=\"2dbee3d\" data-element_type=\"container\" data-e-type=\"container\" data-settings=\"{&quot;background_background&quot;:&quot;classic&quot;,&quot;animation&quot;:&quot;fadeIn&quot;}\">\n\t\t\t\t<div class=\"elementor-element elementor-element-60d8bf0 animated-slow elementor-invisible elementor-widget elementor-widget-heading\" data-id=\"60d8bf0\" data-element_type=\"widget\" data-e-type=\"widget\" data-settings=\"{&quot;_animation&quot;:&quot;fadeInUp&quot;}\" data-widget_type=\"heading.default\">\n\t\t\t\t<div class=\"elementor-widget-container\">\n\t\t\t\t\t<h1 class=\"elementor-heading-title elementor-size-default\">R\u00dcCKGABERICHTLINIE<\/h1>\t\t\t\t<\/div>\n\t\t\t\t<\/div>\n\t\t\t\t<\/div>\n\t\t<div class=\"elementor-element elementor-element-1f8671e e-flex e-con-boxed e-con e-parent\" data-id=\"1f8671e\" data-element_type=\"container\" data-e-type=\"container\">\n\t\t\t\t\t<div class=\"e-con-inner\">\n\t\t\t\t<div class=\"elementor-element elementor-element-1011091 elementor-widget elementor-widget-text-editor\" data-id=\"1011091\" data-element_type=\"widget\" data-e-type=\"widget\" data-widget_type=\"text-editor.default\">\n\t\t\t\t<div class=\"elementor-widget-container\">\n\t\t\t\t\t\t\t\t\t<h1>&nbsp;<\/h1>\n<p data-start=\"126\" data-end=\"438\">Alle Verk\u00e4ufe von Kunstrasen sind endg\u00fcltig, sobald die Bestellung aufgegeben wurde.<br data-start=\"224\" data-end=\"227\">Aufgrund der individuellen Vorbereitung des Kunstrasens akzeptieren wir keine R\u00fcckgaben oder Umtausch bei Bestellfehlern des Kunden, Meinungs\u00e4nderungen oder falschen Ma\u00dfangaben durch den Kunden.<\/p>\n<p data-start=\"440\" data-end=\"443\">\u2e3b<\/p>\n<p data-start=\"445\" data-end=\"769\"><strong data-start=\"445\" data-end=\"484\">1. Mangelhafte oder falsche Artikel<\/strong><br data-start=\"484\" data-end=\"487\">Falls Ihre Bestellung mangelhaft, besch\u00e4digt oder nicht wie beschrieben ankommt:<br data-start=\"567\" data-end=\"570\">\u2022 Benachrichtigen Sie uns innerhalb von 3 Werktagen nach Lieferung.<br data-start=\"637\" data-end=\"640\">\u2022 Senden Sie uns Fotos und einen Kaufnachweis.<br data-start=\"686\" data-end=\"689\">\u2022 Wir veranlassen nach eigenem Ermessen einen Ersatz oder eine R\u00fcckerstattung.<\/p>\n<p data-start=\"771\" data-end=\"774\">\u2e3b<\/p>\n<p data-start=\"776\" data-end=\"975\"><strong data-start=\"776\" data-end=\"803\">2. Keine R\u00fcckerstattung<\/strong><br data-start=\"803\" data-end=\"806\">Wir bieten keine R\u00fcckerstattungen oder Umtausch an, au\u00dfer wie oben beschrieben.<br data-start=\"885\" data-end=\"888\">Diese Richtlinie wird in \u00dcbereinstimmung mit Florida Statute \u00a7501.142 ver\u00f6ffentlicht.<\/p>\n<p data-start=\"977\" data-end=\"980\">\u2e3b<\/p>\n<p data-start=\"982\" data-end=\"1217\"><strong data-start=\"982\" data-end=\"1008\">3. Online-Bestellungen<\/strong><br data-start=\"1008\" data-end=\"1011\">\u2022 Kunden sind daf\u00fcr verantwortlich, vor der Bestellung alle Produktspezifikationen, Gr\u00f6\u00dfen und Farben zu \u00fcberpr\u00fcfen.<br data-start=\"1127\" data-end=\"1130\">\u2022 Alle Transportsch\u00e4den m\u00fcssen innerhalb von 3 Werktagen nach Erhalt gemeldet werden.<\/p>\t\t\t\t\t\t\t\t<\/div>\n\t\t\t\t<\/div>\n\t\t\t\t\t<\/div>\n\t\t\t\t<\/div>\n\t\t<div class=\"elementor-element elementor-element-32621cd e-flex e-con-boxed e-con e-parent\" data-id=\"32621cd\" data-element_type=\"container\" data-e-type=\"container\" data-settings=\"{&quot;background_background&quot;:&quot;classic&quot;}\">\n\t\t\t\t\t<div class=\"e-con-inner\">\n\t\t\t\t<div class=\"elementor-element elementor-element-3878391 elementor-widget elementor-widget-text-editor\" data-id=\"3878391\" data-element_type=\"widget\" data-e-type=\"widget\" data-widget_type=\"text-editor.default\">\n\t\t\t\t<div class=\"elementor-widget-container\">\n\t\t\t\t\t\t\t\t\t<p>Kontaktieren Sie uns noch heute f\u00fcr eine unverbindliche Beratung in Miami und erleben Sie die Vorteile von hochwertigem Kunstrasen!<\/p>\n\t\t\t\t\t\t\t\t<\/div>\n\t\t\t\t<\/div>\n\t\t\t\t<div class=\"elementor-element elementor-element-9410fd3 elementor-align-center elementor-invisible elementor-widget elementor-widget-button\" data-id=\"9410fd3\" data-element_type=\"widget\" data-e-type=\"widget\" data-settings=\"{&quot;_animation&quot;:&quot;fadeIn&quot;}\" data-widget_type=\"button.default\">\n\t\t\t\t<div class=\"elementor-widget-container\">\n\t\t\t\t\t\t\t\t\t<div class=\"elementor-button-wrapper\">\n\t\t\t\t\t<a class=\"elementor-button elementor-button-link elementor-size-lg elementor-animation-grow\" href=\"https:\/\/topgreen-miami.com\/en\/contact-us\/\">\n\t\t\t\t\t\t<span class=\"elementor-button-content-wrapper\">\n\t\t\t\t\t\t\t\t\t<span class=\"elementor-button-text\">Kontakt  &gt;<\/span>\n\t\t\t\t\t<\/span>\n\t\t\t\t\t<\/a>\n\t\t\t\t<\/div>\n\t\t\t\t\t\t\t\t<\/div>\n\t\t\t\t<\/div>\n\t\t\t\t\t<\/div>\n\t\t\t\t<\/div>\n\t\t\t\t<\/div>\n\t\t","protected":false},"excerpt":{"rendered":"<p>R\u00dcCKGABERICHTLINIE &nbsp; Alle Verk\u00e4ufe von Kunstrasen sind endg\u00fcltig, sobald die Bestellung aufgegeben wurde.Aufgrund der individuellen Vorbereitung des Kunstrasens akzeptieren wir [&hellip;]<\/p>\n","protected":false},"author":1,"featured_media":0,"parent":0,"menu_order":0,"comment_status":"closed","ping_status":"closed","template":"elementor_header_footer","meta":{"site-sidebar-layout":"no-sidebar","site-content-layout":"","ast-site-content-layout":"full-width-container","site-content-style":"default","site-sidebar-style":"default","ast-global-header-display":"","ast-banner-title-visibility":"","ast-main-header-display":"","ast-hfb-above-header-display":"","ast-hfb-below-header-display":"","ast-hfb-mobile-header-display":"","site-post-title":"disabled","ast-breadcrumbs-content":"","ast-featured-img":"disabled","footer-sml-layout":"","ast-disable-related-posts":"","theme-transparent-header-meta":"","adv-header-id-meta":"","stick-header-meta":"","header-above-stick-meta":"","header-main-stick-meta":"","header-below-stick-meta":"","astra-migrate-meta-layouts":"default","ast-page-background-enabled":"default","ast-page-background-meta":{"desktop":{"background-color":"var(--ast-global-color-4)","background-image":"","background-repeat":"repeat","background-position":"center center","background-size":"auto","background-attachment":"scroll","background-type":"","background-media":"","overlay-type":"","overlay-color":"","overlay-opacity":"","overlay-gradient":""},"tablet":{"background-color":"","background-image":"","background-repeat":"repeat","background-position":"center center","background-size":"auto","background-attachment":"scroll","background-type":"","background-media":"","overlay-type":"","overlay-color":"","overlay-opacity":"","overlay-gradient":""},"mobile":{"background-color":"","background-image":"","background-repeat":"repeat","background-position":"center center","background-size":"auto","background-attachment":"scroll","background-type":"","background-media":"","overlay-type":"","overlay-color":"","overlay-opacity":"","overlay-gradient":""}},"ast-content-background-meta":{"desktop":{"background-color":"var(--ast-global-color-5)","background-image":"","background-repeat":"repeat","background-position":"center center","background-size":"auto","background-attachment":"scroll","background-type":"","background-media":"","overlay-type":"","overlay-color":"","overlay-opacity":"","overlay-gradient":""},"tablet":{"background-color":"var(--ast-global-color-5)","background-image":"","background-repeat":"repeat","background-position":"center center","background-size":"auto","background-attachment":"scroll","background-type":"","background-media":"","overlay-type":"","overlay-color":"","overlay-opacity":"","overlay-gradient":""},"mobile":{"background-color":"var(--ast-global-color-5)","background-image":"","background-repeat":"repeat","background-position":"center center","background-size":"auto","background-attachment":"scroll","background-type":"","background-media":"","overlay-type":"","overlay-color":"","overlay-opacity":"","overlay-gradient":""}},"footnotes":""},"class_list":["post-3025","page","type-page","status-publish","hentry"],"yoast_head":"<!-- This site is optimized with the Yoast SEO plugin v27.4 - https:\/\/yoast.com\/product\/yoast-seo-wordpress\/ -->\n<title>R\u00fcckgaberecht | Top Green MIAMI<\/title>\n<meta name=\"description\" content=\"Royal Grass\u00ae Aura ist ein kurzer Kunstrasen mit einem dichten Aussehen | F\u00fchlt sich gleichzeitig unglaublich weich an | Jetzt anfordern!\" \/>\n<meta name=\"robots\" content=\"noindex, follow\" \/>\n<meta property=\"og:locale\" content=\"de_DE\" \/>\n<meta property=\"og:type\" content=\"article\" \/>\n<meta property=\"og:title\" content=\"R\u00fcckgaberecht | Top Green MIAMI\" \/>\n<meta property=\"og:description\" content=\"Royal Grass\u00ae Aura ist ein kurzer Kunstrasen mit einem dichten Aussehen | F\u00fchlt sich gleichzeitig unglaublich weich an | Jetzt anfordern!\" \/>\n<meta property=\"og:url\" content=\"https:\/\/topgreen-miami.com\/de\/rueckgaberecht\/\" \/>\n<meta property=\"og:site_name\" content=\"Top Green MIAMI\" \/>\n<meta property=\"article:publisher\" content=\"https:\/\/www.facebook.com\/profile.php?id=61564644189398\" \/>\n<meta property=\"article:modified_time\" content=\"2025-08-12T11:00:20+00:00\" \/>\n<meta property=\"og:image\" content=\"https:\/\/topgreen-miami.com\/wp-content\/uploads\/2024\/09\/2.png\" \/>\n\t<meta property=\"og:image:width\" content=\"2000\" \/>\n\t<meta property=\"og:image:height\" content=\"1143\" \/>\n\t<meta property=\"og:image:type\" content=\"image\/png\" \/>\n<meta name=\"twitter:card\" content=\"summary_large_image\" \/>\n<meta name=\"twitter:label1\" content=\"Gesch\u00e4tzte Lesezeit\" \/>\n\t<meta name=\"twitter:data1\" content=\"1\u00a0Minute\" \/>\n<script type=\"application\/ld+json\" class=\"yoast-schema-graph\">{\"@context\":\"https:\\\/\\\/schema.org\",\"@graph\":[{\"@type\":\"WebPage\",\"@id\":\"https:\\\/\\\/topgreen-miami.com\\\/de\\\/rueckgaberecht\\\/\",\"url\":\"https:\\\/\\\/topgreen-miami.com\\\/de\\\/rueckgaberecht\\\/\",\"name\":\"R\u00fcckgaberecht | Top Green MIAMI\",\"isPartOf\":{\"@id\":\"https:\\\/\\\/topgreen-miami.com\\\/de\\\/#website\"},\"datePublished\":\"2025-08-12T10:19:43+00:00\",\"dateModified\":\"2025-08-12T11:00:20+00:00\",\"description\":\"Royal Grass\u00ae Aura ist ein kurzer Kunstrasen mit einem dichten Aussehen | F\u00fchlt sich gleichzeitig unglaublich weich an | Jetzt anfordern!\",\"breadcrumb\":{\"@id\":\"https:\\\/\\\/topgreen-miami.com\\\/de\\\/rueckgaberecht\\\/#breadcrumb\"},\"inLanguage\":\"de\",\"potentialAction\":[{\"@type\":\"ReadAction\",\"target\":[\"https:\\\/\\\/topgreen-miami.com\\\/de\\\/rueckgaberecht\\\/\"]}]},{\"@type\":\"BreadcrumbList\",\"@id\":\"https:\\\/\\\/topgreen-miami.com\\\/de\\\/rueckgaberecht\\\/#breadcrumb\",\"itemListElement\":[{\"@type\":\"ListItem\",\"position\":1,\"name\":\"Startseite\",\"item\":\"https:\\\/\\\/topgreen-miami.com\\\/de\\\/\"},{\"@type\":\"ListItem\",\"position\":2,\"name\":\"R\u00fcckgaberecht\"}]},{\"@type\":\"WebSite\",\"@id\":\"https:\\\/\\\/topgreen-miami.com\\\/de\\\/#website\",\"url\":\"https:\\\/\\\/topgreen-miami.com\\\/de\\\/\",\"name\":\"Top Green Mallorca Kunstrasenprofi\",\"description\":\"Premium Artificial Turf\",\"publisher\":{\"@id\":\"https:\\\/\\\/topgreen-miami.com\\\/de\\\/#organization\"},\"potentialAction\":[{\"@type\":\"SearchAction\",\"target\":{\"@type\":\"EntryPoint\",\"urlTemplate\":\"https:\\\/\\\/topgreen-miami.com\\\/de\\\/?s={search_term_string}\"},\"query-input\":{\"@type\":\"PropertyValueSpecification\",\"valueRequired\":true,\"valueName\":\"search_term_string\"}}],\"inLanguage\":\"de\"},{\"@type\":\"Organization\",\"@id\":\"https:\\\/\\\/topgreen-miami.com\\\/de\\\/#organization\",\"name\":\"Top Green Mallorca Kunstrasenprofi\",\"url\":\"https:\\\/\\\/topgreen-miami.com\\\/de\\\/\",\"logo\":{\"@type\":\"ImageObject\",\"inLanguage\":\"de\",\"@id\":\"https:\\\/\\\/topgreen-miami.com\\\/de\\\/#\\\/schema\\\/logo\\\/image\\\/\",\"url\":\"https:\\\/\\\/topgreen-miami.com\\\/wp-content\\\/uploads\\\/2024\\\/09\\\/2.png\",\"contentUrl\":\"https:\\\/\\\/topgreen-miami.com\\\/wp-content\\\/uploads\\\/2024\\\/09\\\/2.png\",\"width\":2000,\"height\":1143,\"caption\":\"Top Green Mallorca Kunstrasenprofi\"},\"image\":{\"@id\":\"https:\\\/\\\/topgreen-miami.com\\\/de\\\/#\\\/schema\\\/logo\\\/image\\\/\"},\"sameAs\":[\"https:\\\/\\\/www.facebook.com\\\/profile.php?id=61564644189398\",\"https:\\\/\\\/www.instagram.com\\\/top_green_mallorca_kunstrasen\\\/\"]}]}<\/script>\n<!-- \/ Yoast SEO plugin. -->","yoast_head_json":{"title":"R\u00fcckgaberecht | Top Green MIAMI","description":"Royal Grass\u00ae Aura ist ein kurzer Kunstrasen mit einem dichten Aussehen | F\u00fchlt sich gleichzeitig unglaublich weich an | Jetzt anfordern!","robots":{"index":"noindex","follow":"follow"},"og_locale":"de_DE","og_type":"article","og_title":"R\u00fcckgaberecht | Top Green MIAMI","og_description":"Royal Grass\u00ae Aura ist ein kurzer Kunstrasen mit einem dichten Aussehen | F\u00fchlt sich gleichzeitig unglaublich weich an | Jetzt anfordern!","og_url":"https:\/\/topgreen-miami.com\/de\/rueckgaberecht\/","og_site_name":"Top Green MIAMI","article_publisher":"https:\/\/www.facebook.com\/profile.php?id=61564644189398","article_modified_time":"2025-08-12T11:00:20+00:00","og_image":[{"width":2000,"height":1143,"url":"https:\/\/topgreen-miami.com\/wp-content\/uploads\/2024\/09\/2.png","type":"image\/png"}],"twitter_card":"summary_large_image","twitter_misc":{"Gesch\u00e4tzte Lesezeit":"1\u00a0Minute"},"schema":{"@context":"https:\/\/schema.org","@graph":[{"@type":"WebPage","@id":"https:\/\/topgreen-miami.com\/de\/rueckgaberecht\/","url":"https:\/\/topgreen-miami.com\/de\/rueckgaberecht\/","name":"R\u00fcckgaberecht | Top Green MIAMI","isPartOf":{"@id":"https:\/\/topgreen-miami.com\/de\/#website"},"datePublished":"2025-08-12T10:19:43+00:00","dateModified":"2025-08-12T11:00:20+00:00","description":"Royal Grass\u00ae Aura ist ein kurzer Kunstrasen mit einem dichten Aussehen | F\u00fchlt sich gleichzeitig unglaublich weich an | Jetzt anfordern!","breadcrumb":{"@id":"https:\/\/topgreen-miami.com\/de\/rueckgaberecht\/#breadcrumb"},"inLanguage":"de","potentialAction":[{"@type":"ReadAction","target":["https:\/\/topgreen-miami.com\/de\/rueckgaberecht\/"]}]},{"@type":"BreadcrumbList","@id":"https:\/\/topgreen-miami.com\/de\/rueckgaberecht\/#breadcrumb","itemListElement":[{"@type":"ListItem","position":1,"name":"Startseite","item":"https:\/\/topgreen-miami.com\/de\/"},{"@type":"ListItem","position":2,"name":"R\u00fcckgaberecht"}]},{"@type":"WebSite","@id":"https:\/\/topgreen-miami.com\/de\/#website","url":"https:\/\/topgreen-miami.com\/de\/","name":"Top Green Mallorca Kunstrasenprofi","description":"Premium Artificial Turf","publisher":{"@id":"https:\/\/topgreen-miami.com\/de\/#organization"},"potentialAction":[{"@type":"SearchAction","target":{"@type":"EntryPoint","urlTemplate":"https:\/\/topgreen-miami.com\/de\/?s={search_term_string}"},"query-input":{"@type":"PropertyValueSpecification","valueRequired":true,"valueName":"search_term_string"}}],"inLanguage":"de"},{"@type":"Organization","@id":"https:\/\/topgreen-miami.com\/de\/#organization","name":"Top Green Mallorca Kunstrasenprofi","url":"https:\/\/topgreen-miami.com\/de\/","logo":{"@type":"ImageObject","inLanguage":"de","@id":"https:\/\/topgreen-miami.com\/de\/#\/schema\/logo\/image\/","url":"https:\/\/topgreen-miami.com\/wp-content\/uploads\/2024\/09\/2.png","contentUrl":"https:\/\/topgreen-miami.com\/wp-content\/uploads\/2024\/09\/2.png","width":2000,"height":1143,"caption":"Top Green Mallorca Kunstrasenprofi"},"image":{"@id":"https:\/\/topgreen-miami.com\/de\/#\/schema\/logo\/image\/"},"sameAs":["https:\/\/www.facebook.com\/profile.php?id=61564644189398","https:\/\/www.instagram.com\/top_green_mallorca_kunstrasen\/"]}]}},"_links":{"self":[{"href":"https:\/\/topgreen-miami.com\/de\/wp-json\/wp\/v2\/pages\/3025","targetHints":{"allow":["GET"]}}],"collection":[{"href":"https:\/\/topgreen-miami.com\/de\/wp-json\/wp\/v2\/pages"}],"about":[{"href":"https:\/\/topgreen-miami.com\/de\/wp-json\/wp\/v2\/types\/page"}],"author":[{"embeddable":true,"href":"https:\/\/topgreen-miami.com\/de\/wp-json\/wp\/v2\/users\/1"}],"replies":[{"embeddable":true,"href":"https:\/\/topgreen-miami.com\/de\/wp-json\/wp\/v2\/comments?post=3025"}],"version-history":[{"count":12,"href":"https:\/\/topgreen-miami.com\/de\/wp-json\/wp\/v2\/pages\/3025\/revisions"}],"predecessor-version":[{"id":3089,"href":"https:\/\/topgreen-miami.com\/de\/wp-json\/wp\/v2\/pages\/3025\/revisions\/3089"}],"wp:attachment":[{"href":"https:\/\/topgreen-miami.com\/de\/wp-json\/wp\/v2\/media?parent=3025"}],"curies":[{"name":"wp","href":"https:\/\/api.w.org\/{rel}","templated":true}]}}